{"id":422,"date":"2022-06-14T14:06:42","date_gmt":"2022-06-14T14:06:42","guid":{"rendered":"http:\/\/browarhajer.pl\/?post_type=product&#038;p=422"},"modified":"2022-06-14T14:08:38","modified_gmt":"2022-06-14T14:08:38","slug":"bajzel","status":"publish","type":"product","link":"http:\/\/browarhajer.pl\/?product=bajzel","title":{"rendered":"BAJZEL"},"content":{"rendered":"<p><span><b>Black India Pale Ale<\/b><\/span><\/p>\n<p><span><b>BLG 15<br \/>\nALK 6% OBJ.<br \/>\nGORYCZKA 65<\/b><\/span><\/p>\n<p class=\"p1\"><span>Bajzel to Black India Pale Ale. Piwo o r\u00f3wnie wyra\u017anym i bezkompromisowym charakterze jak India Pale Ale, dodatkowo wzbogacone ciemnymi i palonymi s\u0142odami. Bardzo tre\u015bciwe, doprawione ameryka\u0144skimi odmianami chmieli o wyra\u017anym aromatycznym charakterze. Piwo z solidn\u0105 goryczk\u0105, kontrowan\u0105 przez cytrusowo &#8211; \u017cywiczne aromaty. \u015awietny wyb\u00f3r dla amator\u00f3w ciemnych i i tre\u015bciwych piw. <\/span><\/p>\n","protected":false},"excerpt":{"rendered":"<p>Black India Pale Ale BLG 15 ALK 6% OBJ. GORYCZKA 65 Bajzel to Black India Pale Ale. Piwo o r\u00f3wnie wyra\u017anym i bezkompromisowym charakterze jak India Pale Ale, dodatkowo wzbogacone ciemnymi i palonymi s\u0142odami. Bardzo tre\u015bciwe, doprawione ameryka\u0144skimi odmianami chmieli o wyra\u017anym aromatycznym charakterze. Piwo z solidn\u0105 goryczk\u0105, kontrowan\u0105 przez [&hellip;]<\/p>\n","protected":false},"featured_media":423,"template":"","meta":[],"product_cat":[27],"product_tag":[],"class_list":{"0":"post-422","1":"product","2":"type-product","3":"status-publish","4":"has-post-thumbnail","6":"product_cat-archiwum-browaru-hajer","8":"first","9":"instock","10":"shipping-taxable","11":"product-type-simple"},"_links":{"self":[{"href":"http:\/\/browarhajer.pl\/index.php?rest_route=\/wp\/v2\/product\/422","targetHints":{"allow":["GET"]}}],"collection":[{"href":"http:\/\/browarhajer.pl\/index.php?rest_route=\/wp\/v2\/product"}],"about":[{"href":"http:\/\/browarhajer.pl\/index.php?rest_route=\/wp\/v2\/types\/product"}],"version-history":[{"count":2,"href":"http:\/\/browarhajer.pl\/index.php?rest_route=\/wp\/v2\/product\/422\/revisions"}],"predecessor-version":[{"id":482,"href":"http:\/\/browarhajer.pl\/index.php?rest_route=\/wp\/v2\/product\/422\/revisions\/482"}],"wp:featuredmedia":[{"embeddable":true,"href":"http:\/\/browarhajer.pl\/index.php?rest_route=\/wp\/v2\/media\/423"}],"wp:attachment":[{"href":"http:\/\/browarhajer.pl\/index.php?rest_route=%2Fwp%2Fv2%2Fmedia&parent=422"}],"wp:term":[{"taxonomy":"product_cat","embeddable":true,"href":"http:\/\/browarhajer.pl\/index.php?rest_route=%2Fwp%2Fv2%2Fproduct_cat&post=422"},{"taxonomy":"product_tag","embeddable":true,"href":"http:\/\/browarhajer.pl\/index.php?rest_route=%2Fwp%2Fv2%2Fproduct_tag&post=422"}],"curies":[{"name":"wp","href":"https:\/\/api.w.org\/{rel}","templated":true}]}}